{"id":48,"date":"2022-12-14T22:12:08","date_gmt":"2022-12-14T21:12:08","guid":{"rendered":"http:\/\/adalldent.sk\/?page_id=48"},"modified":"2023-01-31T21:42:58","modified_gmt":"2023-01-31T20:42:58","slug":"home","status":"publish","type":"page","link":"https:\/\/adalldent.sk\/","title":{"rendered":"Home"},"content":{"rendered":"\t\t<div data-elementor-type=\"wp-page\" data-elementor-id=\"48\" class=\"elementor elementor-48\">\n\t\t\t\t\t\t\t\t\t<section class=\"elementor-section elementor-top-section elementor-element elementor-element-6cafc66e elementor-section-full_width elementor-section-height-default elementor-section-height-default\" data-id=\"6cafc66e\" data-element_type=\"section\">\n\t\t\t\t\t\t<div class=\"elementor-container elementor-column-gap-no\">\n\t\t\t\t\t<div class=\"elementor-column elementor-col-100 elementor-top-column elementor-element elementor-element-725cfd1d\" data-id=\"725cfd1d\" data-element_type=\"column\">\n\t\t\t<div class=\"elementor-widget-wrap elementor-element-populated\">\n\t\t\t\t\t\t\t\t<div class=\"elementor-element elementor-element-7684c0e elementor--h-position-center elementor--v-position-middle elementor-arrows-position-inside elementor-pagination-position-inside elementor-widget elementor-widget-slides\" data-id=\"7684c0e\" data-element_type=\"widget\" data-settings=\"{&quot;navigation&quot;:&quot;both&quot;,&quot;autoplay&quot;:&quot;yes&quot;,&quot;pause_on_hover&quot;:&quot;yes&quot;,&quot;pause_on_interaction&quot;:&quot;yes&quot;,&quot;autoplay_speed&quot;:5000,&quot;infinite&quot;:&quot;yes&quot;,&quot;transition&quot;:&quot;slide&quot;,&quot;transition_speed&quot;:500}\" data-widget_type=\"slides.default\">\n\t\t\t\t<div class=\"elementor-widget-container\">\n\t\t\t<style>\/*! elementor-pro - v3.9.1 - 14-12-2022 *\/\n.elementor-slides .swiper-slide-bg{background-size:cover;background-position:50%;background-repeat:no-repeat;min-width:100%;min-height:100%}.elementor-slides .swiper-slide-inner{background-repeat:no-repeat;background-position:50%;position:absolute;top:0;left:0;bottom:0;right:0;padding:50px;margin:auto}.elementor-slides .swiper-slide-inner,.elementor-slides .swiper-slide-inner:hover{color:#fff;display:flex}.elementor-slides .swiper-slide-inner .elementor-background-overlay{position:absolute;z-index:0;top:0;bottom:0;left:0;right:0}.elementor-slides .swiper-slide-inner .elementor-slide-content{position:relative;z-index:1;width:100%}.elementor-slides .swiper-slide-inner .elementor-slide-heading{font-size:35px;font-weight:700;line-height:1}.elementor-slides .swiper-slide-inner .elementor-slide-description{font-size:17px;line-height:1.4}.elementor-slides .swiper-slide-inner .elementor-slide-description:not(:last-child),.elementor-slides .swiper-slide-inner .elementor-slide-heading:not(:last-child){margin-bottom:30px}.elementor-slides .swiper-slide-inner .elementor-slide-button{border:2px solid #fff;color:#fff;background:transparent;display:inline-block}.elementor-slides .swiper-slide-inner .elementor-slide-button,.elementor-slides .swiper-slide-inner .elementor-slide-button:hover{background:transparent;color:inherit;text-decoration:none}.elementor--v-position-top .swiper-slide-inner{align-items:flex-start}.elementor--v-position-bottom .swiper-slide-inner{align-items:flex-end}.elementor--v-position-middle .swiper-slide-inner{align-items:center}.elementor--h-position-left .swiper-slide-inner{justify-content:flex-start}.elementor--h-position-right .swiper-slide-inner{justify-content:flex-end}.elementor--h-position-center .swiper-slide-inner{justify-content:center}body.rtl .elementor-widget-slides .elementor-swiper-button-next{left:10px;right:auto}body.rtl .elementor-widget-slides .elementor-swiper-button-prev{right:10px;left:auto}.elementor-slides-wrapper div:not(.swiper-slide)>.swiper-slide-inner{display:none}@media (max-width:767px){.elementor-slides .swiper-slide-inner{padding:30px}.elementor-slides .swiper-slide-inner .elementor-slide-heading{font-size:23px;line-height:1;margin-bottom:15px}.elementor-slides .swiper-slide-inner .elementor-slide-description{font-size:13px;line-height:1.4;margin-bottom:15px}}<\/style>\t\t<div class=\"elementor-swiper\">\n\t\t\t<div class=\"elementor-slides-wrapper elementor-main-swiper swiper-container\" dir=\"ltr\" data-animation=\"fadeInUp\">\n\t\t\t\t<div class=\"swiper-wrapper elementor-slides\">\n\t\t\t\t\t\t\t\t\t\t<div class=\"elementor-repeater-item-20f21f5 swiper-slide\"><div class=\"swiper-slide-bg\"><\/div><a class=\"swiper-slide-inner\" href=\"http:\/\/adalldent.sk\/?page_id=18\"><div class=\"swiper-slide-contents\"><div class=\"elementor-slide-heading\">STOMATOLOGICK\u00c1 AMBULANCIA<\/div><div  class=\"elementor-button elementor-slide-button elementor-size-sm\">VIAC<\/div><\/div><\/a><\/div><div class=\"elementor-repeater-item-a21b2c8 swiper-slide\"><div class=\"swiper-slide-bg\"><\/div><div class=\"swiper-slide-inner\" ><div class=\"swiper-slide-contents\"><div class=\"elementor-slide-heading\">DETSK\u00c1 STOMATOL\u00d3GIA<\/div><\/div><\/div><\/div><div class=\"elementor-repeater-item-7fe6260 swiper-slide\"><div class=\"swiper-slide-bg\"><\/div><div class=\"swiper-slide-inner\" ><div class=\"swiper-slide-contents\"><div class=\"elementor-slide-heading\">DENT\u00c1LNA HYGIENA<\/div><a href=\"https:\/\/www.navstevalekara.sk\/lekari\/dentalna-hygiena-s11072\/bratislavsky-kraj-k300\/bratislava-3-o502\/raca-m1005\/mgr-ivana-stanova-d28002.html\" target=\"_blank\" class=\"elementor-button elementor-slide-button elementor-size-sm\">objedna\u0165 sa<\/a><\/div><\/div><\/div>\t\t\t\t<\/div>\n\t\t\t\t\t\t\t\t\t\t\t\t\t\t\t<div class=\"swiper-pagination\"><\/div>\n\t\t\t\t\t\t\t\t\t\t\t\t\t\t\t\t<div class=\"elementor-swiper-button elementor-swiper-button-prev\">\n\t\t\t\t\t\t\t<i aria-hidden=\"true\" class=\"eicon-chevron-left\"><\/i>\t\t\t\t\t\t\t<span class=\"elementor-screen-only\">Predo\u0161l\u00e9<\/span>\n\t\t\t\t\t\t<\/div>\n\t\t\t\t\t\t<div class=\"elementor-swiper-button elementor-swiper-button-next\">\n\t\t\t\t\t\t\t<i aria-hidden=\"true\" class=\"eicon-chevron-right\"><\/i>\t\t\t\t\t\t\t<span class=\"elementor-screen-only\">\u010eal\u0161ie<\/span>\n\t\t\t\t\t\t<\/div>\n\t\t\t\t\t\t\t\t\t\t\t\t<\/div>\n\t\t<\/div>\n\t\t\t\t<\/div>\n\t\t\t\t<\/div>\n\t\t\t\t<div class=\"elementor-element elementor-element-5d1a8f7 elementor-widget elementor-widget-text-editor\" data-id=\"5d1a8f7\" data-element_type=\"widget\" data-widget_type=\"text-editor.default\">\n\t\t\t\t<div class=\"elementor-widget-container\">\n\t\t\t<style>\/*! elementor - v3.9.1 - 14-12-2022 *\/\n.elementor-widget-text-editor.elementor-drop-cap-view-stacked .elementor-drop-cap{background-color:#818a91;color:#fff}.elementor-widget-text-editor.elementor-drop-cap-view-framed .elementor-drop-cap{color:#818a91;border:3px solid;background-color:transparent}.elementor-widget-text-editor:not(.elementor-drop-cap-view-default) .elementor-drop-cap{margin-top:8px}.elementor-widget-text-editor:not(.elementor-drop-cap-view-default) .elementor-drop-cap-letter{width:1em;height:1em}.elementor-widget-text-editor .elementor-drop-cap{float:left;text-align:center;line-height:1;font-size:50px}.elementor-widget-text-editor .elementor-drop-cap-letter{display:inline-block}<\/style>\t\t\t\t<p>Sme modern\u00e1 zubn\u00e1 ambulancia s citliv\u00fdm pr\u00edstupom ku klientovi. Na\u0161\u00edm cie\u013eom s\u00fa Va\u0161e zdrav\u00e9 zuby a aby ka\u017ed\u00e1 Va\u0161a n\u00e1v\u0161teva prebehla s rados\u0165ou a bez strachu zo zubn\u00e9ho o\u0161etrenia. V\u010faka modern\u00fdm vy\u0161etrovac\u00edm met\u00f3dam a pravideln\u00fdm ka\u017edoro\u010dn\u00fdm kontrol\u00e1m sa spolu pok\u00fasime zachova\u0165 zdravie Va\u0161ej dutiny \u00fastnej a zaru\u010d\u00edme V\u00e1\u0161 spokojn\u00fd \u00fasmev \ud83d\ude42\u00a0<\/p>\t\t\t\t\t\t<\/div>\n\t\t\t\t<\/div>\n\t\t\t\t\t<\/div>\n\t\t<\/div>\n\t\t\t\t\t\t\t<\/div>\n\t\t<\/section>\n\t\t\t\t\t\t\t<\/div>\n\t\t","protected":false},"excerpt":{"rendered":"<p>STOMATOLOGICK\u00c1 AMBULANCIAVIACDETSK\u00c1 STOMATOL\u00d3GIADENT\u00c1LNA HYGIENAobjedna\u0165 sa Predo\u0161l\u00e9 \u010eal\u0161ie Sme modern\u00e1 zubn\u00e1 ambulancia s citliv\u00fdm pr\u00edstupom ku klientovi. Na\u0161\u00edm cie\u013eom s\u00fa Va\u0161e zdrav\u00e9 zuby a aby ka\u017ed\u00e1 Va\u0161a n\u00e1v\u0161teva prebehla s rados\u0165ou a bez strachu zo zubn\u00e9ho o\u0161etrenia. V\u010faka modern\u00fdm vy\u0161etrovac\u00edm met\u00f3dam a pravideln\u00fdm ka\u017edoro\u010dn\u00fdm kontrol\u00e1m sa spolu pok\u00fasime zachova\u0165 zdravie Va\u0161ej dutiny \u00fastnej a zaru\u010d\u00edme V\u00e1\u0161 [&hellip;]<\/p>\n","protected":false},"author":1,"featured_media":0,"parent":0,"menu_order":0,"comment_status":"closed","ping_status":"closed","template":"elementor_header_footer","meta":{"_mi_skip_tracking":false},"_links":{"self":[{"href":"https:\/\/adalldent.sk\/index.php?rest_route=\/wp\/v2\/pages\/48"}],"collection":[{"href":"https:\/\/adalldent.sk\/index.php?rest_route=\/wp\/v2\/pages"}],"about":[{"href":"https:\/\/adalldent.sk\/index.php?rest_route=\/wp\/v2\/types\/page"}],"author":[{"embeddable":true,"href":"https:\/\/adalldent.sk\/index.php?rest_route=\/wp\/v2\/users\/1"}],"replies":[{"embeddable":true,"href":"https:\/\/adalldent.sk\/index.php?rest_route=%2Fwp%2Fv2%2Fcomments&post=48"}],"version-history":[{"count":6,"href":"https:\/\/adalldent.sk\/index.php?rest_route=\/wp\/v2\/pages\/48\/revisions"}],"predecessor-version":[{"id":395,"href":"https:\/\/adalldent.sk\/index.php?rest_route=\/wp\/v2\/pages\/48\/revisions\/395"}],"wp:attachment":[{"href":"https:\/\/adalldent.sk\/index.php?rest_route=%2Fwp%2Fv2%2Fmedia&parent=48"}],"curies":[{"name":"wp","href":"https:\/\/api.w.org\/{rel}","templated":true}]}}