{"id":34,"date":"2022-12-14T22:12:04","date_gmt":"2022-12-14T21:12:04","guid":{"rendered":"http:\/\/adalldent.sk\/?page_id=34"},"modified":"2023-01-13T17:49:40","modified_gmt":"2023-01-13T16:49:40","slug":"services","status":"publish","type":"page","link":"https:\/\/adalldent.sk\/?page_id=34","title":{"rendered":"Services"},"content":{"rendered":"\t\t<div data-elementor-type=\"wp-page\" data-elementor-id=\"34\" class=\"elementor elementor-34\">\n\t\t\t\t\t\t\t\t\t<section class=\"elementor-section elementor-top-section elementor-element elementor-element-7e9c62cd elementor-section-full_width elementor-reverse-tablet elementor-reverse-mobile elementor-section-height-min-height elementor-section-height-default elementor-section-items-middle\" data-id=\"7e9c62cd\" data-element_type=\"section\" id=\"service1\">\n\t\t\t\t\t\t<div class=\"elementor-container elementor-column-gap-default\">\n\t\t\t\t\t<div class=\"elementor-column elementor-col-50 elementor-top-column elementor-element elementor-element-7377f009\" data-id=\"7377f009\" data-element_type=\"column\">\n\t\t\t<div class=\"elementor-widget-wrap\">\n\t\t\t\t\t\t\t\t\t<\/div>\n\t\t<\/div>\n\t\t\t\t<div class=\"elementor-column elementor-col-50 elementor-top-column elementor-element elementor-element-7e1d009e\" data-id=\"7e1d009e\" data-element_type=\"column\">\n\t\t\t<div class=\"elementor-widget-wrap elementor-element-populated\">\n\t\t\t\t\t\t\t\t<div class=\"elementor-element elementor-element-3889330b elementor-widget elementor-widget-heading\" data-id=\"3889330b\" data-element_type=\"widget\" data-widget_type=\"heading.default\">\n\t\t\t\t<div class=\"elementor-widget-container\">\n\t\t\t<style>\/*! elementor - v3.9.1 - 14-12-2022 *\/\n.elementor-heading-title{padding:0;margin:0;line-height:1}.elementor-widget-heading .elementor-heading-title[class*=elementor-size-]>a{color:inherit;font-size:inherit;line-height:inherit}.elementor-widget-heading .elementor-heading-title.elementor-size-small{font-size:15px}.elementor-widget-heading .elementor-heading-title.elementor-size-medium{font-size:19px}.elementor-widget-heading .elementor-heading-title.elementor-size-large{font-size:29px}.elementor-widget-heading .elementor-heading-title.elementor-size-xl{font-size:39px}.elementor-widget-heading .elementor-heading-title.elementor-size-xxl{font-size:59px}<\/style><h2 class=\"elementor-heading-title elementor-size-default\">Prevencia<\/h2>\t\t<\/div>\n\t\t\t\t<\/div>\n\t\t\t\t<div class=\"elementor-element elementor-element-1070a579 elementor-widget elementor-widget-text-editor\" data-id=\"1070a579\" data-element_type=\"widget\" data-widget_type=\"text-editor.default\">\n\t\t\t\t<div class=\"elementor-widget-container\">\n\t\t\t<style>\/*! elementor - v3.9.1 - 14-12-2022 *\/\n.elementor-widget-text-editor.elementor-drop-cap-view-stacked .elementor-drop-cap{background-color:#818a91;color:#fff}.elementor-widget-text-editor.elementor-drop-cap-view-framed .elementor-drop-cap{color:#818a91;border:3px solid;background-color:transparent}.elementor-widget-text-editor:not(.elementor-drop-cap-view-default) .elementor-drop-cap{margin-top:8px}.elementor-widget-text-editor:not(.elementor-drop-cap-view-default) .elementor-drop-cap-letter{width:1em;height:1em}.elementor-widget-text-editor .elementor-drop-cap{float:left;text-align:center;line-height:1;font-size:50px}.elementor-widget-text-editor .elementor-drop-cap-letter{display:inline-block}<\/style>\t\t\t\t<p>Z\u00e1kladn\u00fdm stavebn\u00fdm kame\u0148om v celom zubnom lek\u00e1rstve je prevencia a dent\u00e1lna hygiena. Preto na\u0161i pacienti pri ka\u017edej prevent\u00edvnej prehliadke raz do roka absolvuj\u00fa aj dopl\u0148uj\u00face vy\u0161etrenie medzizubn\u00fdm rengenom s n\u00edzkym \u017eiaren\u00edm, na detekciu medzizubn\u00e9ho kazu, ktor\u00fd je vo\u013en\u00fdm okom nevidite\u013en\u00fd.<br \/>Ka\u017ed\u00fd probl\u00e9m spolu prejdeme, vysvetl\u00edme si a n\u00e1sledne navrhneme dostupn\u00e9 rie\u0161enie.<\/p>\t\t\t\t\t\t<\/div>\n\t\t\t\t<\/div>\n\t\t\t\t\t<\/div>\n\t\t<\/div>\n\t\t\t\t\t\t\t<\/div>\n\t\t<\/section>\n\t\t\t\t<section class=\"elementor-section elementor-top-section elementor-element elementor-element-6b7c880b elementor-section-full_width elementor-section-height-default elementor-section-height-default\" data-id=\"6b7c880b\" data-element_type=\"section\" id=\"service2\">\n\t\t\t\t\t\t<div class=\"elementor-container elementor-column-gap-default\">\n\t\t\t\t\t<div class=\"elementor-column elementor-col-50 elementor-top-column elementor-element elementor-element-e01c26a\" data-id=\"e01c26a\" data-element_type=\"column\">\n\t\t\t<div class=\"elementor-widget-wrap elementor-element-populated\">\n\t\t\t\t\t\t\t\t<section class=\"elementor-section elementor-inner-section elementor-element elementor-element-42d77e16 elementor-section-boxed elementor-section-height-default elementor-section-height-default\" data-id=\"42d77e16\" data-element_type=\"section\">\n\t\t\t\t\t\t<div class=\"elementor-container elementor-column-gap-default\">\n\t\t\t\t\t<div class=\"elementor-column elementor-col-100 elementor-inner-column elementor-element elementor-element-d8a5eb4\" data-id=\"d8a5eb4\" data-element_type=\"column\">\n\t\t\t<div class=\"elementor-widget-wrap elementor-element-populated\">\n\t\t\t\t\t\t\t\t<div class=\"elementor-element elementor-element-1446a78d elementor-widget elementor-widget-heading\" data-id=\"1446a78d\" data-element_type=\"widget\" data-widget_type=\"heading.default\">\n\t\t\t\t<div class=\"elementor-widget-container\">\n\t\t\t<h2 class=\"elementor-heading-title elementor-size-default\">Konzerva\u010dn\u00e1 Estetick\u00e1 stomatol\u00f3gia<br><\/h2>\t\t<\/div>\n\t\t\t\t<\/div>\n\t\t\t\t\t<\/div>\n\t\t<\/div>\n\t\t\t\t\t\t\t<\/div>\n\t\t<\/section>\n\t\t\t\t<div class=\"elementor-element elementor-element-23136903 elementor-widget elementor-widget-text-editor\" data-id=\"23136903\" data-element_type=\"widget\" data-widget_type=\"text-editor.default\">\n\t\t\t\t<div class=\"elementor-widget-container\">\n\t\t\t\t\t\t\t<p>Jedn\u00e1 sa o naj\u010dastej\u0161ie o\u0161etrenie v praxi zubn\u00e9ho lek\u00e1ra. Nielen\u017ee vyrie\u0161ime V\u00e1\u0161 probl\u00e9m so zubn\u00fdm kazom, ale zub bude aj n\u00e1sledne zrekon\u0161truovan\u00fd Estetickou bielo v\u00fdpl\u0148ou. D\u00e1vame si z\u00e1le\u017ea\u0165, aby o\u0161etrenie bolo bezbolestn\u00e9 a pr\u00edjemn\u00e9. Pracujeme so zv\u00e4\u010d\u0161en\u00edm pomocou dent\u00e1lnych l\u00fap,\u010do n\u00e1m umo\u017e\u0148uje vymodelova\u0165 nov\u00fd zub presne pod\u013ea jeho p\u00f4vodn\u00e9ho anatomick\u00e9ho tvaru.<\/p>\t\t\t\t\t\t<\/div>\n\t\t\t\t<\/div>\n\t\t\t\t\t<\/div>\n\t\t<\/div>\n\t\t\t\t<div class=\"elementor-column elementor-col-50 elementor-top-column elementor-element elementor-element-510b3cdf\" data-id=\"510b3cdf\" data-element_type=\"column\">\n\t\t\t<div class=\"elementor-widget-wrap\">\n\t\t\t\t\t\t\t\t\t<\/div>\n\t\t<\/div>\n\t\t\t\t\t\t\t<\/div>\n\t\t<\/section>\n\t\t\t\t<section class=\"elementor-section elementor-top-section elementor-element elementor-element-9e81bd1 elementor-section-full_width elementor-reverse-tablet elementor-reverse-mobile elementor-section-height-default elementor-section-height-default\" data-id=\"9e81bd1\" data-element_type=\"section\" id=\"service3\">\n\t\t\t\t\t\t<div class=\"elementor-container elementor-column-gap-default\">\n\t\t\t\t\t<div class=\"elementor-column elementor-col-50 elementor-top-column elementor-element elementor-element-60d09932\" data-id=\"60d09932\" data-element_type=\"column\">\n\t\t\t<div class=\"elementor-widget-wrap\">\n\t\t\t\t\t\t\t\t\t<\/div>\n\t\t<\/div>\n\t\t\t\t<div class=\"elementor-column elementor-col-50 elementor-top-column elementor-element elementor-element-97c0421\" data-id=\"97c0421\" data-element_type=\"column\">\n\t\t\t<div class=\"elementor-widget-wrap elementor-element-populated\">\n\t\t\t\t\t\t\t\t<section class=\"elementor-section elementor-inner-section elementor-element elementor-element-7ee9ad3a elementor-section-boxed elementor-section-height-default elementor-section-height-default\" data-id=\"7ee9ad3a\" data-element_type=\"section\">\n\t\t\t\t\t\t<div class=\"elementor-container elementor-column-gap-default\">\n\t\t\t\t\t<div class=\"elementor-column elementor-col-100 elementor-inner-column elementor-element elementor-element-c31ea25\" data-id=\"c31ea25\" data-element_type=\"column\">\n\t\t\t<div class=\"elementor-widget-wrap elementor-element-populated\">\n\t\t\t\t\t\t\t\t<div class=\"elementor-element elementor-element-2b648607 elementor-widget elementor-widget-heading\" data-id=\"2b648607\" data-element_type=\"widget\" data-widget_type=\"heading.default\">\n\t\t\t\t<div class=\"elementor-widget-container\">\n\t\t\t<h2 class=\"elementor-heading-title elementor-size-default\">Endodoncia<br><\/h2>\t\t<\/div>\n\t\t\t\t<\/div>\n\t\t\t\t\t<\/div>\n\t\t<\/div>\n\t\t\t\t\t\t\t<\/div>\n\t\t<\/section>\n\t\t\t\t<div class=\"elementor-element elementor-element-26ea686f elementor-widget elementor-widget-text-editor\" data-id=\"26ea686f\" data-element_type=\"widget\" data-widget_type=\"text-editor.default\">\n\t\t\t\t<div class=\"elementor-widget-container\">\n\t\t\t\t\t\t\t<p>Alebo aj o\u0161etrenie zubn\u00fdch kan\u00e1likov, je v\u00fdkon, ku ktor\u00e9mu pristupujeme pokia\u013e bol kaz pr\u00edli\u0161 ve\u013ek\u00fd na to, aby ho bolo mo\u017en\u00e9 be\u017en\u00fd konzervat\u00edvne o\u0161etri\u0165. Jedn\u00e1 sa o bezbolestn\u00e9 o\u0161etrenie pri podan\u00ed modern\u00fdch anestet\u00edk, kedy s\u00fa kan\u00e1liky vy\u010disten\u00e9, vydezinfikovan\u00e9 a n\u00e1sledne zaplnen\u00e9 trojrozmernou v\u00fdpl\u0148ou , ktor\u00e1 sa naz\u00fdva gutaper\u010da. N\u00e1sledne je zub hermeticky uzavret\u00fd bielou v\u00fdpl\u0148ou a je pripraven\u00fd na jeho \u010fal\u0161ie o\u0161etrenie a spevnenie zubnou estetickou korunkou.<\/p>\t\t\t\t\t\t<\/div>\n\t\t\t\t<\/div>\n\t\t\t\t\t<\/div>\n\t\t<\/div>\n\t\t\t\t\t\t\t<\/div>\n\t\t<\/section>\n\t\t\t\t<section class=\"elementor-section elementor-top-section elementor-element elementor-element-25f85982 elementor-section-full_width elementor-section-height-default elementor-section-height-default\" data-id=\"25f85982\" data-element_type=\"section\" id=\"service4\">\n\t\t\t\t\t\t<div class=\"elementor-container elementor-column-gap-default\">\n\t\t\t\t\t<div class=\"elementor-column elementor-col-50 elementor-top-column elementor-element elementor-element-266981db\" data-id=\"266981db\" data-element_type=\"column\">\n\t\t\t<div class=\"elementor-widget-wrap elementor-element-populated\">\n\t\t\t\t\t\t\t\t<section class=\"elementor-section elementor-inner-section elementor-element elementor-element-5d22de9c elementor-section-boxed elementor-section-height-default elementor-section-height-default\" data-id=\"5d22de9c\" data-element_type=\"section\">\n\t\t\t\t\t\t<div class=\"elementor-container elementor-column-gap-default\">\n\t\t\t\t\t<div class=\"elementor-column elementor-col-100 elementor-inner-column elementor-element elementor-element-732bae7\" data-id=\"732bae7\" data-element_type=\"column\">\n\t\t\t<div class=\"elementor-widget-wrap elementor-element-populated\">\n\t\t\t\t\t\t\t\t<div class=\"elementor-element elementor-element-141c50b1 elementor-widget elementor-widget-heading\" data-id=\"141c50b1\" data-element_type=\"widget\" data-widget_type=\"heading.default\">\n\t\t\t\t<div class=\"elementor-widget-container\">\n\t\t\t<h2 class=\"elementor-heading-title elementor-size-default\">Protetika<br><\/h2>\t\t<\/div>\n\t\t\t\t<\/div>\n\t\t\t\t\t<\/div>\n\t\t<\/div>\n\t\t\t\t\t\t\t<\/div>\n\t\t<\/section>\n\t\t\t\t<div class=\"elementor-element elementor-element-5525f9a6 elementor-widget elementor-widget-text-editor\" data-id=\"5525f9a6\" data-element_type=\"widget\" data-widget_type=\"text-editor.default\">\n\t\t\t\t<div class=\"elementor-widget-container\">\n\t\t\t\t\t\t\t<p>Zah\u0155\u0148a zhotovenie koruniek,faziet,most\u00edkov a v pr\u00edpade nutnosti aj sn\u00edmate\u013en\u00fdch prot\u00e9z.\u00a0<\/p><p>V\u010faka dne\u0161nej modernej stomatol\u00f3gii a \u0161ikovnosti dent\u00e1lnych technikov , m\u00e1me mo\u017enos\u0165 nahradi\u0165 ch\u00fdbaj\u00face, alebo endodonticky o\u0161etren\u00e9 zuby vysoko estetick\u00fdmi protetick\u00fdchmi pr\u00e1cami, ktor\u00e9 s\u00fa na nerozoznanie od p\u00f4vodn\u00fdch zubov.<\/p>\t\t\t\t\t\t<\/div>\n\t\t\t\t<\/div>\n\t\t\t\t\t<\/div>\n\t\t<\/div>\n\t\t\t\t<div class=\"elementor-column elementor-col-50 elementor-top-column elementor-element elementor-element-512b0c30\" data-id=\"512b0c30\" data-element_type=\"column\">\n\t\t\t<div class=\"elementor-widget-wrap\">\n\t\t\t\t\t\t\t\t\t<\/div>\n\t\t<\/div>\n\t\t\t\t\t\t\t<\/div>\n\t\t<\/section>\n\t\t\t\t<section class=\"elementor-section elementor-top-section elementor-element elementor-element-4828725d elementor-section-full_width elementor-reverse-tablet elementor-reverse-mobile elementor-section-height-default elementor-section-height-default\" data-id=\"4828725d\" data-element_type=\"section\" id=\"service5\">\n\t\t\t\t\t\t<div class=\"elementor-container elementor-column-gap-default\">\n\t\t\t\t\t<div class=\"elementor-column elementor-col-50 elementor-top-column elementor-element elementor-element-6eafb3f0\" data-id=\"6eafb3f0\" data-element_type=\"column\">\n\t\t\t<div class=\"elementor-widget-wrap\">\n\t\t\t\t\t\t\t\t\t<\/div>\n\t\t<\/div>\n\t\t\t\t<div class=\"elementor-column elementor-col-50 elementor-top-column elementor-element elementor-element-374e90fc\" data-id=\"374e90fc\" data-element_type=\"column\">\n\t\t\t<div class=\"elementor-widget-wrap elementor-element-populated\">\n\t\t\t\t\t\t\t\t<section class=\"elementor-section elementor-inner-section elementor-element elementor-element-417ea3c2 elementor-section-boxed elementor-section-height-default elementor-section-height-default\" data-id=\"417ea3c2\" data-element_type=\"section\">\n\t\t\t\t\t\t<div class=\"elementor-container elementor-column-gap-default\">\n\t\t\t\t\t<div class=\"elementor-column elementor-col-100 elementor-inner-column elementor-element elementor-element-50ed138c\" data-id=\"50ed138c\" data-element_type=\"column\">\n\t\t\t<div class=\"elementor-widget-wrap elementor-element-populated\">\n\t\t\t\t\t\t\t\t<div class=\"elementor-element elementor-element-3d7db54b elementor-widget elementor-widget-heading\" data-id=\"3d7db54b\" data-element_type=\"widget\" data-widget_type=\"heading.default\">\n\t\t\t\t<div class=\"elementor-widget-container\">\n\t\t\t<h2 class=\"elementor-heading-title elementor-size-default\">Detsk\u00e1 stomatol\u00f3gia<br><\/h2>\t\t<\/div>\n\t\t\t\t<\/div>\n\t\t\t\t\t<\/div>\n\t\t<\/div>\n\t\t\t\t\t\t\t<\/div>\n\t\t<\/section>\n\t\t\t\t<div class=\"elementor-element elementor-element-35e4b7db elementor-widget elementor-widget-text-editor\" data-id=\"35e4b7db\" data-element_type=\"widget\" data-widget_type=\"text-editor.default\">\n\t\t\t\t<div class=\"elementor-widget-container\">\n\t\t\t\t\t\t\t<p>Sama pani doktorka je maminou dvoch mal\u00fdch det\u00ed Lucasa(8) a Lilliany(1).<br \/>Preto vie, ak\u00e1 je d\u00f4le\u017eit\u00e1 prevencia a spr\u00e1vna in\u0161trukt\u00e1\u017e rodi\u010da oh\u013eadom dent\u00e1lnej hygieny. Pani doktorka m\u00e1 ku ka\u017ed\u00e9mu detsk\u00fdmu pacientovi individu\u00e1lny pr\u00edstup a chce docieli\u0165, aby ka\u017ed\u00e9 die\u0165atko chodilo do jej ambulancie so \u0161irok\u00fdm (a zdrav\u00fdm :-p ) \u00fasmevom.<\/p>\t\t\t\t\t\t<\/div>\n\t\t\t\t<\/div>\n\t\t\t\t\t<\/div>\n\t\t<\/div>\n\t\t\t\t\t\t\t<\/div>\n\t\t<\/section>\n\t\t\t\t<section class=\"elementor-section elementor-top-section elementor-element elementor-element-4221a5e5 elementor-section-full_width elementor-section-height-default elementor-section-height-default\" data-id=\"4221a5e5\" data-element_type=\"section\" id=\"service6\">\n\t\t\t\t\t\t<div class=\"elementor-container elementor-column-gap-default\">\n\t\t\t\t\t<div class=\"elementor-column elementor-col-50 elementor-top-column elementor-element elementor-element-ac0547d\" data-id=\"ac0547d\" data-element_type=\"column\">\n\t\t\t<div class=\"elementor-widget-wrap elementor-element-populated\">\n\t\t\t\t\t\t\t\t<section class=\"elementor-section elementor-inner-section elementor-element elementor-element-15a4cc94 elementor-section-boxed elementor-section-height-default elementor-section-height-default\" data-id=\"15a4cc94\" data-element_type=\"section\">\n\t\t\t\t\t\t<div class=\"elementor-container elementor-column-gap-default\">\n\t\t\t\t\t<div class=\"elementor-column elementor-col-100 elementor-inner-column elementor-element elementor-element-b0a3528\" data-id=\"b0a3528\" data-element_type=\"column\">\n\t\t\t<div class=\"elementor-widget-wrap elementor-element-populated\">\n\t\t\t\t\t\t\t\t<div class=\"elementor-element elementor-element-3a43f6ca elementor-widget elementor-widget-heading\" data-id=\"3a43f6ca\" data-element_type=\"widget\" data-widget_type=\"heading.default\">\n\t\t\t\t<div class=\"elementor-widget-container\">\n\t\t\t<h2 class=\"elementor-heading-title elementor-size-default\">Dent\u00e1lna hygiena<br><\/h2>\t\t<\/div>\n\t\t\t\t<\/div>\n\t\t\t\t\t<\/div>\n\t\t<\/div>\n\t\t\t\t\t\t\t<\/div>\n\t\t<\/section>\n\t\t\t\t<div class=\"elementor-element elementor-element-30b5c471 elementor-widget elementor-widget-text-editor\" data-id=\"30b5c471\" data-element_type=\"widget\" data-widget_type=\"text-editor.default\">\n\t\t\t\t<div class=\"elementor-widget-container\">\n\t\t\t\t\t\t\t<p>Patr\u00ed medzi z\u00e1kladn\u00fd stavebn\u00fd kame\u0148 pri starostlivosti o zdrav\u00fd chlap. \u201c\u010cist\u00fd zub sa nepokaz\u00ed\u201d<br \/>.Pravideln\u00e1 dent\u00e1lna hygiena zbavuje dutinu \u00dastnu \u0161kodliv\u00fdch bakt\u00e9ri\u00ed a zais\u0165uje zdravie \u00fastnej dutiny, \u010d\u00edm kles\u00e1 aj n\u00e1sledne riziko vzniku zubn\u00e9ho kazu. <br \/>N\u00e1sledn\u00fd n\u00e1cvik a v\u00fdber spr\u00e1vnych medzizubn\u00fdch pom\u00f4cok dopom\u00e1ha k starostlivosti o va\u0161e \u00fastne zdravie.<\/p>\t\t\t\t\t\t<\/div>\n\t\t\t\t<\/div>\n\t\t\t\t\t<\/div>\n\t\t<\/div>\n\t\t\t\t<div class=\"elementor-column elementor-col-50 elementor-top-column elementor-element elementor-element-233c759c\" data-id=\"233c759c\" data-element_type=\"column\">\n\t\t\t<div class=\"elementor-widget-wrap\">\n\t\t\t\t\t\t\t\t\t<\/div>\n\t\t<\/div>\n\t\t\t\t\t\t\t<\/div>\n\t\t<\/section>\n\t\t\t\t<section class=\"elementor-section elementor-top-section elementor-element elementor-element-43428d7c elementor-section-full_width elementor-reverse-tablet elementor-reverse-mobile elementor-section-height-default elementor-section-height-default\" data-id=\"43428d7c\" data-element_type=\"section\" id=\"service7\">\n\t\t\t\t\t\t<div class=\"elementor-container elementor-column-gap-default\">\n\t\t\t\t\t<div class=\"elementor-column elementor-col-50 elementor-top-column elementor-element elementor-element-3d12c798\" data-id=\"3d12c798\" data-element_type=\"column\">\n\t\t\t<div class=\"elementor-widget-wrap\">\n\t\t\t\t\t\t\t\t\t<\/div>\n\t\t<\/div>\n\t\t\t\t<div class=\"elementor-column elementor-col-50 elementor-top-column elementor-element elementor-element-3e72e0fe\" data-id=\"3e72e0fe\" data-element_type=\"column\">\n\t\t\t<div class=\"elementor-widget-wrap elementor-element-populated\">\n\t\t\t\t\t\t\t\t<section class=\"elementor-section elementor-inner-section elementor-element elementor-element-5dedcaff elementor-section-boxed elementor-section-height-default elementor-section-height-default\" data-id=\"5dedcaff\" data-element_type=\"section\">\n\t\t\t\t\t\t<div class=\"elementor-container elementor-column-gap-default\">\n\t\t\t\t\t<div class=\"elementor-column elementor-col-100 elementor-inner-column elementor-element elementor-element-5593c920\" data-id=\"5593c920\" data-element_type=\"column\">\n\t\t\t<div class=\"elementor-widget-wrap elementor-element-populated\">\n\t\t\t\t\t\t\t\t<div class=\"elementor-element elementor-element-112d1c02 elementor-widget elementor-widget-heading\" data-id=\"112d1c02\" data-element_type=\"widget\" data-widget_type=\"heading.default\">\n\t\t\t\t<div class=\"elementor-widget-container\">\n\t\t\t<h2 class=\"elementor-heading-title elementor-size-default\">Extrakcie<br><\/h2>\t\t<\/div>\n\t\t\t\t<\/div>\n\t\t\t\t\t<\/div>\n\t\t<\/div>\n\t\t\t\t\t\t\t<\/div>\n\t\t<\/section>\n\t\t\t\t<div class=\"elementor-element elementor-element-6e9a5974 elementor-widget elementor-widget-text-editor\" data-id=\"6e9a5974\" data-element_type=\"widget\" data-widget_type=\"text-editor.default\">\n\t\t\t\t<div class=\"elementor-widget-container\">\n\t\t\t\t\t\t\t<p>V pr\u00edpade nen\u00e1vratn\u00e9ho po\u0161kodenia zubu V\u00e1m bude doporu\u010den\u00e1 Extrakcia ,teda vytrhnutie zubu.<br \/>Op\u00e4\u0165 sa jedn\u00e1 o nebolestiv\u00fd v\u00fdkon pod lok\u00e1lnymi anestetikami,ktor\u00fd sa v\u00e1m budeme sna\u017ei\u0165 \u010do najviac spr\u00edjemni\u0165.<\/p>\t\t\t\t\t\t<\/div>\n\t\t\t\t<\/div>\n\t\t\t\t\t<\/div>\n\t\t<\/div>\n\t\t\t\t\t\t\t<\/div>\n\t\t<\/section>\n\t\t\t\t<section class=\"elementor-section elementor-top-section elementor-element elementor-element-10aa3b06 elementor-section-full_width elementor-section-height-default elementor-section-height-default\" data-id=\"10aa3b06\" data-element_type=\"section\" id=\"service8\">\n\t\t\t\t\t\t<div class=\"elementor-container elementor-column-gap-default\">\n\t\t\t\t\t<div class=\"elementor-column elementor-col-50 elementor-top-column elementor-element elementor-element-60e4e8ff\" data-id=\"60e4e8ff\" data-element_type=\"column\">\n\t\t\t<div class=\"elementor-widget-wrap elementor-element-populated\">\n\t\t\t\t\t\t\t\t<section class=\"elementor-section elementor-inner-section elementor-element elementor-element-7505d6ed elementor-section-boxed elementor-section-height-default elementor-section-height-default\" data-id=\"7505d6ed\" data-element_type=\"section\">\n\t\t\t\t\t\t<div class=\"elementor-container elementor-column-gap-default\">\n\t\t\t\t\t<div class=\"elementor-column elementor-col-100 elementor-inner-column elementor-element elementor-element-3cdceb7d\" data-id=\"3cdceb7d\" data-element_type=\"column\">\n\t\t\t<div class=\"elementor-widget-wrap elementor-element-populated\">\n\t\t\t\t\t\t\t\t<div class=\"elementor-element elementor-element-4d41e142 elementor-widget elementor-widget-heading\" data-id=\"4d41e142\" data-element_type=\"widget\" data-widget_type=\"heading.default\">\n\t\t\t\t<div class=\"elementor-widget-container\">\n\t\t\t<h2 class=\"elementor-heading-title elementor-size-default\">Spolupr\u00e1ce<br><\/h2>\t\t<\/div>\n\t\t\t\t<\/div>\n\t\t\t\t\t<\/div>\n\t\t<\/div>\n\t\t\t\t\t\t\t<\/div>\n\t\t<\/section>\n\t\t\t\t<div class=\"elementor-element elementor-element-6ce466a3 elementor-widget elementor-widget-text-editor\" data-id=\"6ce466a3\" data-element_type=\"widget\" data-widget_type=\"text-editor.default\">\n\t\t\t\t<div class=\"elementor-widget-container\">\n\t\t\t\t\t\t\t<p>Spolupracujeme so \u0161ikovn\u00fdmi chirurgami, ktor\u00ed napr\u00edklad v pr\u00edpade zlo\u017eitej anat\u00f3mie zubu m\u00fadrosti vedia spo\u013eahlivo zasiahnu\u0165. <br \/>Taktie\u017e vieme doporu\u010di\u0165 lek\u00e1rov overen\u00fdch praxou na zavedenie dent\u00e1lnych implant\u00e1tov. <br \/>Spolupracujeme aj s \u010celustn\u00fdmi ortop\u00e9dmi pri zhodnoten\u00ed nutnosti zhotovenia zubn\u00e9ho stroj\u010deku.<\/p>\t\t\t\t\t\t<\/div>\n\t\t\t\t<\/div>\n\t\t\t\t\t<\/div>\n\t\t<\/div>\n\t\t\t\t<div class=\"elementor-column elementor-col-50 elementor-top-column elementor-element elementor-element-1ccbbf02\" data-id=\"1ccbbf02\" data-element_type=\"column\">\n\t\t\t<div class=\"elementor-widget-wrap\">\n\t\t\t\t\t\t\t\t\t<\/div>\n\t\t<\/div>\n\t\t\t\t\t\t\t<\/div>\n\t\t<\/section>\n\t\t\t\t\t\t\t<\/div>\n\t\t","protected":false},"excerpt":{"rendered":"<p>Prevencia Z\u00e1kladn\u00fdm stavebn\u00fdm kame\u0148om v celom zubnom lek\u00e1rstve je prevencia a dent\u00e1lna hygiena. Preto na\u0161i pacienti pri ka\u017edej prevent\u00edvnej prehliadke raz do roka absolvuj\u00fa aj dopl\u0148uj\u00face vy\u0161etrenie medzizubn\u00fdm rengenom s n\u00edzkym \u017eiaren\u00edm, na detekciu medzizubn\u00e9ho kazu, ktor\u00fd je vo\u013en\u00fdm okom nevidite\u013en\u00fd.Ka\u017ed\u00fd probl\u00e9m spolu prejdeme, vysvetl\u00edme si a n\u00e1sledne navrhneme dostupn\u00e9 rie\u0161enie. Konzerva\u010dn\u00e1 Estetick\u00e1 stomatol\u00f3gia Jedn\u00e1 [&hellip;]<\/p>\n","protected":false},"author":1,"featured_media":0,"parent":0,"menu_order":0,"comment_status":"closed","ping_status":"closed","template":"elementor_header_footer","meta":{"_mi_skip_tracking":false},"_links":{"self":[{"href":"https:\/\/adalldent.sk\/index.php?rest_route=\/wp\/v2\/pages\/34"}],"collection":[{"href":"https:\/\/adalldent.sk\/index.php?rest_route=\/wp\/v2\/pages"}],"about":[{"href":"https:\/\/adalldent.sk\/index.php?rest_route=\/wp\/v2\/types\/page"}],"author":[{"embeddable":true,"href":"https:\/\/adalldent.sk\/index.php?rest_route=\/wp\/v2\/users\/1"}],"replies":[{"embeddable":true,"href":"https:\/\/adalldent.sk\/index.php?rest_route=%2Fwp%2Fv2%2Fcomments&post=34"}],"version-history":[{"count":6,"href":"https:\/\/adalldent.sk\/index.php?rest_route=\/wp\/v2\/pages\/34\/revisions"}],"predecessor-version":[{"id":256,"href":"https:\/\/adalldent.sk\/index.php?rest_route=\/wp\/v2\/pages\/34\/revisions\/256"}],"wp:attachment":[{"href":"https:\/\/adalldent.sk\/index.php?rest_route=%2Fwp%2Fv2%2Fmedia&parent=34"}],"curies":[{"name":"wp","href":"https:\/\/api.w.org\/{rel}","templated":true}]}}