{"id":18,"date":"2022-12-14T22:11:46","date_gmt":"2022-12-14T21:11:46","guid":{"rendered":"http:\/\/adalldent.sk\/?page_id=18"},"modified":"2023-01-22T23:30:29","modified_gmt":"2023-01-22T22:30:29","slug":"about-us","status":"publish","type":"page","link":"https:\/\/adalldent.sk\/?page_id=18","title":{"rendered":"About Us"},"content":{"rendered":"\t\t<div data-elementor-type=\"wp-page\" data-elementor-id=\"18\" class=\"elementor elementor-18\">\n\t\t\t\t\t\t\t\t\t<section class=\"elementor-section elementor-top-section elementor-element elementor-element-58b3a19 elementor-section-boxed elementor-section-height-default elementor-section-height-default\" data-id=\"58b3a19\" data-element_type=\"section\">\n\t\t\t\t\t\t<div class=\"elementor-container elementor-column-gap-default\">\n\t\t\t\t\t<div class=\"elementor-column elementor-col-100 elementor-top-column elementor-element elementor-element-5784ea2\" data-id=\"5784ea2\" data-element_type=\"column\">\n\t\t\t<div class=\"elementor-widget-wrap elementor-element-populated\">\n\t\t\t\t\t\t\t\t<div class=\"elementor-element elementor-element-b790cdb elementor-widget elementor-widget-heading\" data-id=\"b790cdb\" data-element_type=\"widget\" data-widget_type=\"heading.default\">\n\t\t\t\t<div class=\"elementor-widget-container\">\n\t\t\t<style>\/*! elementor - v3.9.1 - 14-12-2022 *\/\n.elementor-heading-title{padding:0;margin:0;line-height:1}.elementor-widget-heading .elementor-heading-title[class*=elementor-size-]>a{color:inherit;font-size:inherit;line-height:inherit}.elementor-widget-heading .elementor-heading-title.elementor-size-small{font-size:15px}.elementor-widget-heading .elementor-heading-title.elementor-size-medium{font-size:19px}.elementor-widget-heading .elementor-heading-title.elementor-size-large{font-size:29px}.elementor-widget-heading .elementor-heading-title.elementor-size-xl{font-size:39px}.elementor-widget-heading .elementor-heading-title.elementor-size-xxl{font-size:59px}<\/style><h2 class=\"elementor-heading-title elementor-size-default\">O N\u00e1s<\/h2>\t\t<\/div>\n\t\t\t\t<\/div>\n\t\t\t\t<div class=\"elementor-element elementor-element-dc56bb7 elementor-widget elementor-widget-text-editor\" data-id=\"dc56bb7\" data-element_type=\"widget\" data-widget_type=\"text-editor.default\">\n\t\t\t\t<div class=\"elementor-widget-container\">\n\t\t\t<style>\/*! elementor - v3.9.1 - 14-12-2022 *\/\n.elementor-widget-text-editor.elementor-drop-cap-view-stacked .elementor-drop-cap{background-color:#818a91;color:#fff}.elementor-widget-text-editor.elementor-drop-cap-view-framed .elementor-drop-cap{color:#818a91;border:3px solid;background-color:transparent}.elementor-widget-text-editor:not(.elementor-drop-cap-view-default) .elementor-drop-cap{margin-top:8px}.elementor-widget-text-editor:not(.elementor-drop-cap-view-default) .elementor-drop-cap-letter{width:1em;height:1em}.elementor-widget-text-editor .elementor-drop-cap{float:left;text-align:center;line-height:1;font-size:50px}.elementor-widget-text-editor .elementor-drop-cap-letter{display:inline-block}<\/style>\t\t\t\t<p>Sme modern\u00e1 zubn\u00e1 ambulancia s citliv\u00fdm pr\u00edstupom ku klientovi. Na\u0161\u00edm cie\u013eom s\u00fa Va\u0161e zdrav\u00e9 zuby a aby ka\u017ed\u00e1 Va\u0161a n\u00e1v\u0161teva prebehla s rados\u0165ou a bez strachu zo zubn\u00e9ho o\u0161etrenia.<\/p>\n<p>V\u010faka modern\u00fdm vy\u0161etrovac\u00edm met\u00f3dam a pravideln\u00fdm ka\u017edoro\u010dn\u00fdm kontrol\u00e1m sa spolu pok\u00fasime zachova\u0165 zdravie Va\u0161ej dutiny \u00fastnej a zaru\u010d\u00edme v\u00e1s spokojn\u00fd \u00fasmev.<\/p>\t\t\t\t\t\t<\/div>\n\t\t\t\t<\/div>\n\t\t\t\t\t<\/div>\n\t\t<\/div>\n\t\t\t\t\t\t\t<\/div>\n\t\t<\/section>\n\t\t\t\t<section class=\"elementor-section elementor-top-section elementor-element elementor-element-b3f19ce elementor-section-content-middle elementor-section-boxed elementor-section-height-default elementor-section-height-default\" data-id=\"b3f19ce\" data-element_type=\"section\">\n\t\t\t\t\t\t<div class=\"elementor-container elementor-column-gap-default\">\n\t\t\t\t\t<div class=\"elementor-column elementor-col-100 elementor-top-column elementor-element elementor-element-b7fc208\" data-id=\"b7fc208\" data-element_type=\"column\">\n\t\t\t<div class=\"elementor-widget-wrap elementor-element-populated\">\n\t\t\t\t\t\t\t\t<div class=\"elementor-element elementor-element-89fb03f elementor-widget elementor-widget-heading\" data-id=\"89fb03f\" data-element_type=\"widget\" data-widget_type=\"heading.default\">\n\t\t\t\t<div class=\"elementor-widget-container\">\n\t\t\t<h2 class=\"elementor-heading-title elementor-size-default\">MDDr.Andrea     Blanco <\/h2>\t\t<\/div>\n\t\t\t\t<\/div>\n\t\t\t\t<div class=\"elementor-element elementor-element-3d8a095 elementor-widget elementor-widget-heading\" data-id=\"3d8a095\" data-element_type=\"widget\" data-widget_type=\"heading.default\">\n\t\t\t\t<div class=\"elementor-widget-container\">\n\t\t\t<h2 class=\"elementor-heading-title elementor-size-default\">STOMATOLOG, ZAKLADATE\u013dKA KLINIKY ADALLDENT<\/h2>\t\t<\/div>\n\t\t\t\t<\/div>\n\t\t\t\t<div class=\"elementor-element elementor-element-d96db75 elementor-widget elementor-widget-text-editor\" data-id=\"d96db75\" data-element_type=\"widget\" data-widget_type=\"text-editor.default\">\n\t\t\t\t<div class=\"elementor-widget-container\">\n\t\t\t\t\t\t\t<p>Vy\u0161tudovala lek\u00e1rsku fakultu LF UPOL v Olomouci. Prax z\u00edskala na klinik\u00e1ch v \u010ceskej republike, kde si zamilovala pr\u00e1cu s estetick\u00fdmi bielymi v\u00fdpl\u0148ami a kofferdamom.N\u00e1sledne svoje sk\u00fasenosti rozv\u00edjala na zubnej klinike v Bratislave pod veden\u00edm sk\u00fasen\u00e9ho odborn\u00edka MUDr.Vlastimila Grausa.<\/p><p>Pani doktorka aj na\u010falej rozv\u00edja svoje sk\u00fasenosti \u00fa\u010das\u0165ou na dom\u00e1cich aj zahrani\u010dn\u00fdch \u0161koleniach.<\/p><p>\u00a0<\/p><p>\u201c Future belongs to them,who believe in beauty of their dreams\u201d<\/p>\t\t\t\t\t\t<\/div>\n\t\t\t\t<\/div>\n\t\t\t\t\t<\/div>\n\t\t<\/div>\n\t\t\t\t\t\t\t<\/div>\n\t\t<\/section>\n\t\t\t\t<section class=\"elementor-section elementor-top-section elementor-element elementor-element-b877915 elementor-section-boxed elementor-section-height-default elementor-section-height-default\" data-id=\"b877915\" data-element_type=\"section\">\n\t\t\t\t\t\t<div class=\"elementor-container elementor-column-gap-default\">\n\t\t\t\t\t<div class=\"elementor-column elementor-col-100 elementor-top-column elementor-element elementor-element-253039a\" data-id=\"253039a\" data-element_type=\"column\">\n\t\t\t<div class=\"elementor-widget-wrap\">\n\t\t\t\t\t\t\t\t\t<\/div>\n\t\t<\/div>\n\t\t\t\t\t\t\t<\/div>\n\t\t<\/section>\n\t\t\t\t<section class=\"elementor-section elementor-top-section elementor-element elementor-element-f6d979b elementor-section-boxed elementor-section-height-default elementor-section-height-default\" data-id=\"f6d979b\" data-element_type=\"section\">\n\t\t\t\t\t\t<div class=\"elementor-container elementor-column-gap-default\">\n\t\t\t\t\t<div class=\"elementor-column elementor-col-100 elementor-top-column elementor-element elementor-element-ca38d9f\" data-id=\"ca38d9f\" data-element_type=\"column\">\n\t\t\t<div class=\"elementor-widget-wrap elementor-element-populated\">\n\t\t\t\t\t\t\t\t<div class=\"elementor-element elementor-element-a7648bf elementor-widget elementor-widget-heading\" data-id=\"a7648bf\" data-element_type=\"widget\" data-widget_type=\"heading.default\">\n\t\t\t\t<div class=\"elementor-widget-container\">\n\t\t\t<h2 class=\"elementor-heading-title elementor-size-default\">mgr.ivana sta\u0148ov\u00e1<\/h2>\t\t<\/div>\n\t\t\t\t<\/div>\n\t\t\t\t<div class=\"elementor-element elementor-element-72007a2 elementor-widget elementor-widget-heading\" data-id=\"72007a2\" data-element_type=\"widget\" data-widget_type=\"heading.default\">\n\t\t\t\t<div class=\"elementor-widget-container\">\n\t\t\t<h2 class=\"elementor-heading-title elementor-size-default\">dent\u00e1lna hygieni\u010dka<\/h2>\t\t<\/div>\n\t\t\t\t<\/div>\n\t\t\t\t<div class=\"elementor-element elementor-element-e6bd2ca elementor-widget elementor-widget-text-editor\" data-id=\"e6bd2ca\" data-element_type=\"widget\" data-widget_type=\"text-editor.default\">\n\t\t\t\t<div class=\"elementor-widget-container\">\n\t\t\t\t\t\t\t<p>Dent\u00e1lnej hygiene sa profesion\u00e1lne venujem od roku 2010, kedy som ukon\u010dila \u0161t\u00fadium na Pre\u0161ovskej Univerzite, Fakulte zdravotn\u00edctva a\u00a0pracovala v\u00a0s\u00fakromnej ambulancii, kde som pod veden\u00edm \u0161pecialistu na parodontol\u00f3giu z\u00edskala nenahradite\u013en\u00e9 vedomosti a sk\u00fasenosti.<\/p><p>U\u017e po\u010das \u0161t\u00fadia som absolvovala 3-mesa\u010dn\u00fa st\u00e1\u017e v\u00a0Hradci Kr\u00e1lov\u00e9 na oddelen\u00ed parodontol\u00f3gie pod veden\u00edm odborn\u00edkov.<\/p><p>Svoje poznatky v\u00a0danom obore si pravidelne dop\u013a\u0148am s\u00fastavn\u00fdm vzdel\u00e1van\u00edm, nav\u0161tevujemodborn\u00e9 konferencie a\u00a0\u0161kolenia.<\/p><p>Moj\u00edm cie\u013eom nie je len dokonale vy\u010disti\u0165 va\u0161e zuby, ale taktie\u017e motivova\u0165 detsk\u00fdch a\u00a0dospel\u00fdch pacientov, aby sme predch\u00e1dzali vzniku zubn\u00e9ho kazu, zubn\u00e9ho kame\u0148a a\u00a0z\u00e1palu \u010fasien. K\u00a0tomu v\u00e1m poskytnem aj komplexn\u00fa in\u0161trukt\u00e1\u017e k\u00a0dom\u00e1cej dent\u00e1lnej hygiene, aby ste si mohli svoj zdrav\u00fd chrup u\u017e\u00edva\u0165 po cel\u00fd \u017eivot.<\/p><p>Z estetick\u00e9ho h\u013eadiska v\u00e1m pon\u00fakame kombinovan\u00e9 bielenie zubov, v\u010faka \u010domu v\u00e1m vy\u010dar\u00edme ten \u017eiarivej\u0161\u00ed \u00fasmev.<\/p>\t\t\t\t\t\t<\/div>\n\t\t\t\t<\/div>\n\t\t\t\t<div class=\"elementor-element elementor-element-84c69b1 elementor-align-center elementor-widget elementor-widget-button\" data-id=\"84c69b1\" data-element_type=\"widget\" data-widget_type=\"button.default\">\n\t\t\t\t<div class=\"elementor-widget-container\">\n\t\t\t\t\t<div class=\"elementor-button-wrapper\">\n\t\t\t<a href=\"https:\/\/www.navstevalekara.sk\/lekari\/dentalna-hygiena-s11072\/bratislavsky-kraj-k300\/bratislava-3-o502\/raca-m1005\/mgr-ivana-stanova-d28002.html\" class=\"elementor-button-link elementor-button elementor-size-sm\" role=\"button\">\n\t\t\t\t\t\t<span class=\"elementor-button-content-wrapper\">\n\t\t\t\t\t\t<span class=\"elementor-button-text\">objedna\u0165 na dent\u00e1lnu hygienu<\/span>\n\t\t<\/span>\n\t\t\t\t\t<\/a>\n\t\t<\/div>\n\t\t\t\t<\/div>\n\t\t\t\t<\/div>\n\t\t\t\t\t<\/div>\n\t\t<\/div>\n\t\t\t\t\t\t\t<\/div>\n\t\t<\/section>\n\t\t\t\t\t\t\t<\/div>\n\t\t","protected":false},"excerpt":{"rendered":"<p>O N\u00e1s Sme modern\u00e1 zubn\u00e1 ambulancia s citliv\u00fdm pr\u00edstupom ku klientovi. Na\u0161\u00edm cie\u013eom s\u00fa Va\u0161e zdrav\u00e9 zuby a aby ka\u017ed\u00e1 Va\u0161a n\u00e1v\u0161teva prebehla s rados\u0165ou a bez strachu zo zubn\u00e9ho o\u0161etrenia. V\u010faka modern\u00fdm vy\u0161etrovac\u00edm met\u00f3dam a pravideln\u00fdm ka\u017edoro\u010dn\u00fdm kontrol\u00e1m sa spolu pok\u00fasime zachova\u0165 zdravie Va\u0161ej dutiny \u00fastnej a zaru\u010d\u00edme v\u00e1s spokojn\u00fd \u00fasmev. MDDr.Andrea Blanco STOMATOLOG, [&hellip;]<\/p>\n","protected":false},"author":1,"featured_media":0,"parent":0,"menu_order":0,"comment_status":"closed","ping_status":"closed","template":"elementor_header_footer","meta":{"_mi_skip_tracking":false},"_links":{"self":[{"href":"https:\/\/adalldent.sk\/index.php?rest_route=\/wp\/v2\/pages\/18"}],"collection":[{"href":"https:\/\/adalldent.sk\/index.php?rest_route=\/wp\/v2\/pages"}],"about":[{"href":"https:\/\/adalldent.sk\/index.php?rest_route=\/wp\/v2\/types\/page"}],"author":[{"embeddable":true,"href":"https:\/\/adalldent.sk\/index.php?rest_route=\/wp\/v2\/users\/1"}],"replies":[{"embeddable":true,"href":"https:\/\/adalldent.sk\/index.php?rest_route=%2Fwp%2Fv2%2Fcomments&post=18"}],"version-history":[{"count":6,"href":"https:\/\/adalldent.sk\/index.php?rest_route=\/wp\/v2\/pages\/18\/revisions"}],"predecessor-version":[{"id":384,"href":"https:\/\/adalldent.sk\/index.php?rest_route=\/wp\/v2\/pages\/18\/revisions\/384"}],"wp:attachment":[{"href":"https:\/\/adalldent.sk\/index.php?rest_route=%2Fwp%2Fv2%2Fmedia&parent=18"}],"curies":[{"name":"wp","href":"https:\/\/api.w.org\/{rel}","templated":true}]}}